{"id":3842,"date":"2022-05-18T15:56:35","date_gmt":"2022-05-18T19:56:35","guid":{"rendered":"https:\/\/savondescantons.com\/?post_type=product&#038;p=3842"},"modified":"2022-06-15T14:05:43","modified_gmt":"2022-06-15T18:05:43","slug":"bougie-poire-williams","status":"publish","type":"product","link":"https:\/\/savondescantons.com\/en\/product\/bougie-poire-williams\/","title":{"rendered":"Williams Pear Candle"},"content":{"rendered":"<p><span data-sheets-value=\"{\"1\":2,\"2\":\"Ce savon refl\u00e8te magnifiquement le parfum de la poire Williams, il vous rappelera certainement cette liqueur au go\u00fbt d\u00e9licat mais prononc\u00e9 de ce fruit exceptionnel. Nos bougies sont fabriqu\u00e9es avec de la cire de soya pure et des m\u00e8ches v\u00e9g\u00e9tales en chanvre et coton. Le temps moyen de combustion est de 40 heures.\\n\"}\" data-sheets-userformat=\"{\"2\":13249,\"3\":{\"1\":0},\"9\":0,\"10\":0,\"11\":4,\"12\":0,\"15\":\"Times New Roman\",\"16\":12}\">This candle reflects beautifully the fragrance of the Williams pear, it will certainly remind you of the delicate but pronounced taste of this exceptional fruit. Our candles are made with pure soy wax with hemp and cotton wicks. The average burning time is 40 hours.<br \/>\n<\/span><\/p>\n","protected":false},"excerpt":{"rendered":"<p><span data-sheets-value=\"{\"1\":2,\"2\":\"La description est dans le titre, que dire de plus! \"}\" data-sheets-userformat=\"{\"2\":15297,\"3\":{\"1\":0},\"9\":0,\"10\":0,\"11\":4,\"12\":0,\"14\":{\"1\":2,\"2\":0},\"15\":\"Times New Roman\",\"16\":12}\">The description is in the title, what more is there to say! <\/span><\/p>\n","protected":false},"featured_media":10864,"comment_status":"open","ping_status":"closed","template":"","meta":{"_acf_changed":false,"_kad_blocks_custom_css":"","_kad_blocks_head_custom_js":"","_kad_blocks_body_custom_js":"","_kad_blocks_footer_custom_js":"","_kad_post_transparent":"","_kad_post_title":"","_kad_post_layout":"","_kad_post_sidebar_id":"","_kad_post_content_style":"","_kad_post_vertical_padding":"","_kad_post_feature":"","_kad_post_feature_position":"","_kad_post_header":false,"_kad_post_footer":false,"_kad_post_classname":""},"product_brand":[],"product_cat":[290,288],"product_tag":[],"class_list":{"0":"post-3842","1":"product","2":"type-product","3":"status-publish","4":"has-post-thumbnail","6":"product_cat-candles","7":"product_cat-house","8":"pa_collection-fruity","10":"first","11":"outofstock","12":"sale","13":"taxable","14":"shipping-taxable","15":"purchasable","16":"product-type-simple","17":"entry","18":"content-bg","19":"loop-entry"},"acf":[],"taxonomy_info":{"product_cat":[{"value":290,"label":"Candles"},{"value":288,"label":"Household"}],"pa_collection":[{"value":598,"label":"Fruity"}]},"featured_image_src_large":["https:\/\/savondescantons.com\/wp-content\/uploads\/bougies-poire-williams-devant-1024x1024.jpg",1024,1024,true],"author_info":[],"comment_info":0,"_links":{"self":[{"href":"https:\/\/savondescantons.com\/en\/wp-json\/wp\/v2\/product\/3842","targetHints":{"allow":["GET"]}}],"collection":[{"href":"https:\/\/savondescantons.com\/en\/wp-json\/wp\/v2\/product"}],"about":[{"href":"https:\/\/savondescantons.com\/en\/wp-json\/wp\/v2\/types\/product"}],"replies":[{"embeddable":true,"href":"https:\/\/savondescantons.com\/en\/wp-json\/wp\/v2\/comments?post=3842"}],"wp:featuredmedia":[{"embeddable":true,"href":"https:\/\/savondescantons.com\/en\/wp-json\/wp\/v2\/media\/10864"}],"wp:attachment":[{"href":"https:\/\/savondescantons.com\/en\/wp-json\/wp\/v2\/media?parent=3842"}],"wp:term":[{"taxonomy":"product_brand","embeddable":true,"href":"https:\/\/savondescantons.com\/en\/wp-json\/wp\/v2\/product_brand?post=3842"},{"taxonomy":"product_cat","embeddable":true,"href":"https:\/\/savondescantons.com\/en\/wp-json\/wp\/v2\/product_cat?post=3842"},{"taxonomy":"product_tag","embeddable":true,"href":"https:\/\/savondescantons.com\/en\/wp-json\/wp\/v2\/product_tag?post=3842"}],"curies":[{"name":"wp","href":"https:\/\/api.w.org\/{rel}","templated":true}]}}