{"id":4093,"date":"2022-06-02T14:23:33","date_gmt":"2022-06-02T18:23:33","guid":{"rendered":"https:\/\/savondescantons.com\/?post_type=product&#038;p=4093"},"modified":"2025-02-27T11:33:34","modified_gmt":"2025-02-27T16:33:34","slug":"kashmir-castile-soap","status":"publish","type":"product","link":"https:\/\/savondescantons.com\/en\/product\/kashmir-castile-soap\/","title":{"rendered":"Kashmir Castile Soap"},"content":{"rendered":"<p><span data-sheets-value=\"{\"1\":2,\"2\":\"C'est notre fragrance aux notes les plus orientales avec ses effluves tr\u00e8s chaudes, bois\u00e9es avec une pointe de vanille qui laisseront sur votre corps un sillage tr\u00e8s voluptueux. De part sa composition v\u00e9g\u00e9tale (70% huile d\u2019olive et 30% huile de noix de coco), ce savon de Castille vous procurera une hydratation exemplaire quotidiennement.\"}\" data-sheets-userformat=\"{\"2\":15297,\"3\":{\"1\":0},\"9\":0,\"10\":0,\"11\":4,\"12\":0,\"14\":{\"1\":2,\"2\":0},\"15\":\"Times New Roman\",\"16\":12}\">It is our fragrance with the most oriental notes with its very warm, woody scents with a touch of vanilla that will leave a very voluptuous trail on your body. Thanks to its plant-based composition (70% olive oil and 30% coconut oil), this Castille soap will provide your skin with exemplary hydration on a daily basis.<\/span><\/p>\n","protected":false},"excerpt":{"rendered":"<p><span data-sheets-value=\"{\"1\":2,\"2\":\"Kashmir c'est notre savon des mille et une nuits!\"}\" data-sheets-userformat=\"{\"2\":15297,\"3\":{\"1\":0},\"9\":0,\"10\":0,\"11\":4,\"12\":0,\"14\":{\"1\":2,\"2\":0},\"15\":\"Times New Roman\",\"16\":12}\">Kashmir is our soap of a thousand and one nights!<\/span><\/p>\n","protected":false},"featured_media":4028,"comment_status":"open","ping_status":"closed","template":"","meta":{"_acf_changed":false,"_kad_blocks_custom_css":"","_kad_blocks_head_custom_js":"","_kad_blocks_body_custom_js":"","_kad_blocks_footer_custom_js":"","_kad_post_transparent":"default","_kad_post_title":"","_kad_post_layout":"default","_kad_post_sidebar_id":"","_kad_post_content_style":"default","_kad_post_vertical_padding":"default","_kad_post_feature":"","_kad_post_feature_position":"","_kad_post_header":false,"_kad_post_footer":false,"_kad_post_classname":""},"product_brand":[],"product_cat":[245,244],"product_tag":[],"class_list":{"0":"post-4093","1":"product","2":"type-product","3":"status-publish","4":"has-post-thumbnail","6":"product_cat-castile","7":"product_cat-handmade-soaps","8":"pa_collection-invigorating-suave","9":"pa_format-fr-100-grams-min","11":"first","12":"instock","13":"taxable","14":"shipping-taxable","15":"purchasable","16":"product-type-simple","17":"entry","18":"content-bg","19":"loop-entry"},"acf":[],"taxonomy_info":{"product_cat":[{"value":245,"label":"Castile"},{"value":244,"label":"Handmade Soaps"}],"pa_collection":[{"value":606,"label":"Invigorating &amp; Suave"}],"pa_format-fr":[{"value":222,"label":"100 grams min"}]},"featured_image_src_large":["https:\/\/savondescantons.com\/wp-content\/uploads\/castille-kasmir-front.jpg",1000,1000,false],"author_info":[],"comment_info":1,"_links":{"self":[{"href":"https:\/\/savondescantons.com\/en\/wp-json\/wp\/v2\/product\/4093","targetHints":{"allow":["GET"]}}],"collection":[{"href":"https:\/\/savondescantons.com\/en\/wp-json\/wp\/v2\/product"}],"about":[{"href":"https:\/\/savondescantons.com\/en\/wp-json\/wp\/v2\/types\/product"}],"replies":[{"embeddable":true,"href":"https:\/\/savondescantons.com\/en\/wp-json\/wp\/v2\/comments?post=4093"}],"wp:featuredmedia":[{"embeddable":true,"href":"https:\/\/savondescantons.com\/en\/wp-json\/wp\/v2\/media\/4028"}],"wp:attachment":[{"href":"https:\/\/savondescantons.com\/en\/wp-json\/wp\/v2\/media?parent=4093"}],"wp:term":[{"taxonomy":"product_brand","embeddable":true,"href":"https:\/\/savondescantons.com\/en\/wp-json\/wp\/v2\/product_brand?post=4093"},{"taxonomy":"product_cat","embeddable":true,"href":"https:\/\/savondescantons.com\/en\/wp-json\/wp\/v2\/product_cat?post=4093"},{"taxonomy":"product_tag","embeddable":true,"href":"https:\/\/savondescantons.com\/en\/wp-json\/wp\/v2\/product_tag?post=4093"}],"curies":[{"name":"wp","href":"https:\/\/api.w.org\/{rel}","templated":true}]}}