{"id":4095,"date":"2022-06-02T14:25:12","date_gmt":"2022-06-02T18:25:12","guid":{"rendered":"https:\/\/savondescantons.com\/?post_type=product&#038;p=4095"},"modified":"2026-03-21T11:01:50","modified_gmt":"2026-03-21T15:01:50","slug":"orange-blossom-castile-soap","status":"publish","type":"product","link":"https:\/\/savondescantons.com\/en\/product\/orange-blossom-castile-soap\/","title":{"rendered":"Orange Blossom Castile Soap"},"content":{"rendered":"<p><span data-sheets-value=\"{\"1\":2,\"2\":\"Le bigaradier est l'arbre pr\u00e9f\u00e9r\u00e9 des parfumeurs, vous allez plonger dans un bain au parfum d\u00e9licat, m\u00e9langeant des effluves qui vont certainement vous rappeler des souvenirs de p\u00e2tisseries parfum\u00e9es \u00e0 la fleur d'oranger. De part sa composition v\u00e9g\u00e9tale (70% huile d\u2019olive et 30% huile de noix de coco), ce savon de Castille vous procurera une hydratation exemplaire quotidiennement.\"}\" data-sheets-userformat=\"{\"2\":4207553,\"3\":{\"1\":0},\"9\":0,\"10\":0,\"11\":4,\"12\":0,\"15\":\"Times New Roman\",\"16\":12,\"25\":{\"1\":0,\"2\":0}}\">The bigaradier is the perfumer&#8217;s favorite tree, you will dive into a bath with a delicate perfume, mixing scents that will certainly bring back memories of orange blossom scented pastries. Thanks to its plant-based composition (70% olive oil and 30% coconut oil), this Castille soap will provide your skin with exemplary hydration on a daily basis.<\/span><\/p>\n","protected":false},"excerpt":{"rendered":"<p><span data-sheets-value=\"{\"1\":2,\"2\":\"Saviez-vous qu'on r\u00e9serve les effluves de la fleur d'oranger pour la confection des plus grands parfums?\"}\" data-sheets-userformat=\"{\"2\":4207553,\"3\":{\"1\":0},\"9\":0,\"10\":0,\"11\":4,\"12\":0,\"15\":\"Times New Roman\",\"16\":12,\"25\":{\"1\":0,\"2\":0}}\">Did you know that the scent of orange blossoms is often reserved for the making of the finest perfumes?<\/span><\/p>\n","protected":false},"featured_media":4040,"comment_status":"open","ping_status":"closed","template":"","meta":{"_acf_changed":false,"_kad_blocks_custom_css":"","_kad_blocks_head_custom_js":"","_kad_blocks_body_custom_js":"","_kad_blocks_footer_custom_js":"","_kad_post_transparent":"default","_kad_post_title":"","_kad_post_layout":"default","_kad_post_sidebar_id":"","_kad_post_content_style":"default","_kad_post_vertical_padding":"default","_kad_post_feature":"","_kad_post_feature_position":"","_kad_post_header":false,"_kad_post_footer":false,"_kad_post_classname":""},"product_brand":[],"product_cat":[245,244],"product_tag":[],"class_list":{"0":"post-4095","1":"product","2":"type-product","3":"status-publish","4":"has-post-thumbnail","6":"product_cat-castile","7":"product_cat-handmade-soaps","8":"pa_collection-citrus","9":"pa_format-fr-100-grams-min","11":"first","12":"instock","13":"taxable","14":"shipping-taxable","15":"purchasable","16":"product-type-simple","17":"entry","18":"content-bg","19":"loop-entry"},"acf":[],"taxonomy_info":{"product_cat":[{"value":245,"label":"Castile"},{"value":244,"label":"Handmade Soaps"}],"pa_collection":[{"value":594,"label":"Citrus"}],"pa_format-fr":[{"value":222,"label":"100 grams min"}]},"featured_image_src_large":["https:\/\/savondescantons.com\/wp-content\/uploads\/castille-oranger-front.jpg",1000,1000,false],"author_info":[],"comment_info":12,"_links":{"self":[{"href":"https:\/\/savondescantons.com\/en\/wp-json\/wp\/v2\/product\/4095","targetHints":{"allow":["GET"]}}],"collection":[{"href":"https:\/\/savondescantons.com\/en\/wp-json\/wp\/v2\/product"}],"about":[{"href":"https:\/\/savondescantons.com\/en\/wp-json\/wp\/v2\/types\/product"}],"replies":[{"embeddable":true,"href":"https:\/\/savondescantons.com\/en\/wp-json\/wp\/v2\/comments?post=4095"}],"wp:featuredmedia":[{"embeddable":true,"href":"https:\/\/savondescantons.com\/en\/wp-json\/wp\/v2\/media\/4040"}],"wp:attachment":[{"href":"https:\/\/savondescantons.com\/en\/wp-json\/wp\/v2\/media?parent=4095"}],"wp:term":[{"taxonomy":"product_brand","embeddable":true,"href":"https:\/\/savondescantons.com\/en\/wp-json\/wp\/v2\/product_brand?post=4095"},{"taxonomy":"product_cat","embeddable":true,"href":"https:\/\/savondescantons.com\/en\/wp-json\/wp\/v2\/product_cat?post=4095"},{"taxonomy":"product_tag","embeddable":true,"href":"https:\/\/savondescantons.com\/en\/wp-json\/wp\/v2\/product_tag?post=4095"}],"curies":[{"name":"wp","href":"https:\/\/api.w.org\/{rel}","templated":true}]}}