{"id":4814,"date":"2022-07-20T13:05:27","date_gmt":"2022-07-20T17:05:27","guid":{"rendered":"https:\/\/savondescantons.com\/produit\/vacation-box\/"},"modified":"2025-11-13T22:40:42","modified_gmt":"2025-11-14T03:40:42","slug":"fresh-natural-box","status":"publish","type":"product","link":"https:\/\/savondescantons.com\/en\/product\/fresh-natural-box\/","title":{"rendered":"Fresh and Natural Box"},"content":{"rendered":"<h2><span data-sheets-value=\"{\"1\":2,\"2\":\"La bo\u00eete inclut : un savon de Castille Sapin Baumier, un savon Phytopur C\u00e8dre Pamplemousse Rose, un bain moussant Fra\u00eecheur Bor\u00e9ale et un savon Cocofun Luffa Fra\u00eecheur Bor\u00e9ale Exfoliant. \"}\" data-sheets-userformat=\"{\"2\":4207553,\"3\":{\"1\":0},\"9\":0,\"10\":0,\"11\":4,\"12\":0,\"15\":\"Times New Roman\",\"16\":12,\"25\":{\"1\":0,\"2\":0}}\" data-sheets-textstyleruns=\"{\"1\":0}\uee10{\"1\":9,\"2\":{\"2\":{\"1\":2,\"2\":15352629}}}\uee10{\"1\":17}\">This box includes:<\/span><\/h2>\n<ul>\n<li>\n<p class=\"p1\"><span class=\"s1\">Mediterranean Castile Soap<\/span><\/p>\n<\/li>\n<li>\n<p class=\"p1\"><span class=\"s1\">Cocolive Mountain Dew Soap<\/span><\/p>\n<\/li>\n<li>\n<p class=\"p1\"><span class=\"s1\">Cocolive Bora Bora Soap<\/span><\/p>\n<\/li>\n<li>\n<p class=\"p1\"><span class=\"s1\">Fresh Bamboo bath bomb<\/span><\/p>\n<\/li>\n<li>\n<p class=\"p1\"><span class=\"s1\">Bora Bora bath salt<\/span><\/p>\n<\/li>\n<\/ul>\n","protected":false},"excerpt":{"rendered":"<p>A box containing our most popular fresh scented products.<\/p>\n","protected":false},"featured_media":24147,"comment_status":"open","ping_status":"closed","template":"","meta":{"_acf_changed":false,"_kad_blocks_custom_css":"","_kad_blocks_head_custom_js":"","_kad_blocks_body_custom_js":"","_kad_blocks_footer_custom_js":"","_kad_post_transparent":"default","_kad_post_title":"","_kad_post_layout":"default","_kad_post_sidebar_id":"","_kad_post_content_style":"default","_kad_post_vertical_padding":"default","_kad_post_feature":"","_kad_post_feature_position":"","_kad_post_header":false,"_kad_post_footer":false,"_kad_post_classname":""},"product_brand":[],"product_cat":[266,625,238],"product_tag":[],"class_list":{"0":"post-4814","1":"product","2":"type-product","3":"status-publish","4":"has-post-thumbnail","6":"product_cat-ensembles","7":"product_cat-liquidation-promo","8":"product_cat-savonnerie","9":"pa_collection-fraicheur-nature","10":"pa_format-fr-boite-economique","12":"first","13":"instock","14":"sale","15":"taxable","16":"shipping-taxable","17":"purchasable","18":"product-type-simple","19":"entry","20":"content-bg","21":"loop-entry"},"acf":[],"taxonomy_info":{"product_cat":[{"value":266,"label":"Bo\u00eetes et ensembles"},{"value":625,"label":"Liquidation + Promo"},{"value":238,"label":"Savonnerie"}],"pa_collection":[{"value":591,"label":"Fra\u00eecheur Nature"}],"pa_format-fr":[{"value":516,"label":"Bo\u00eete \u00e9conomique"}]},"featured_image_src_large":["https:\/\/savondescantons.com\/wp-content\/uploads\/boites-boreale-open-2000x2000.jpg",1290,1290,true],"author_info":[],"comment_info":1,"_links":{"self":[{"href":"https:\/\/savondescantons.com\/en\/wp-json\/wp\/v2\/product\/4814","targetHints":{"allow":["GET"]}}],"collection":[{"href":"https:\/\/savondescantons.com\/en\/wp-json\/wp\/v2\/product"}],"about":[{"href":"https:\/\/savondescantons.com\/en\/wp-json\/wp\/v2\/types\/product"}],"replies":[{"embeddable":true,"href":"https:\/\/savondescantons.com\/en\/wp-json\/wp\/v2\/comments?post=4814"}],"wp:featuredmedia":[{"embeddable":true,"href":"https:\/\/savondescantons.com\/en\/wp-json\/wp\/v2\/media\/24147"}],"wp:attachment":[{"href":"https:\/\/savondescantons.com\/en\/wp-json\/wp\/v2\/media?parent=4814"}],"wp:term":[{"taxonomy":"product_brand","embeddable":true,"href":"https:\/\/savondescantons.com\/en\/wp-json\/wp\/v2\/product_brand?post=4814"},{"taxonomy":"product_cat","embeddable":true,"href":"https:\/\/savondescantons.com\/en\/wp-json\/wp\/v2\/product_cat?post=4814"},{"taxonomy":"product_tag","embeddable":true,"href":"https:\/\/savondescantons.com\/en\/wp-json\/wp\/v2\/product_tag?post=4814"}],"curies":[{"name":"wp","href":"https:\/\/api.w.org\/{rel}","templated":true}]}}