{"id":729,"date":"2022-02-09T16:00:45","date_gmt":"2022-02-09T21:00:45","guid":{"rendered":"https:\/\/savondescantons.com\/produit\/lilac-soap\/"},"modified":"2026-04-23T09:17:55","modified_gmt":"2026-04-23T13:17:55","slug":"lilac","status":"publish","type":"product","link":"https:\/\/savondescantons.com\/en\/product\/lilac\/","title":{"rendered":"Cocolive Lilac Soap"},"content":{"rendered":"<p><span data-sheets-value=\"{\"1\":2,\"2\":\"Le lilas est une fragrance tr\u00e8s florale \u00e9videmment, fra\u00eeche, tr\u00e8s printani\u00e8re, avec une petite note poudr\u00e9e en fond. On l'associe souvent \u00e0 l'\u00e9l\u00e9gance f\u00e9minine. Ce Castille invers\u00e9 avec 70% d\u2019huile de noix de coco va combler les amateurs de mousse riche et tr\u00e8s abondante. \"}\" data-sheets-userformat=\"{\"2\":15297,\"3\":{\"1\":0},\"9\":0,\"10\":0,\"11\":4,\"12\":0,\"14\":{\"1\":3,\"3\":1},\"15\":\"Times New Roman\",\"16\":12}\">Lilac is obviously a very floral fragrance, fresh, very spring-like, with a light powdery undertones. It is often associated with feminine elegance. This inverted Castille soap made with 70% coconut oil will satisfy the lovers of rich and very generous lather.   <\/span><\/p>\n","protected":false},"excerpt":{"rendered":"<p><span data-sheets-value=\"{\"1\":2,\"2\":\"Quand les lilas fleurissent, c'est que le printemps est l\u00e0!\"}\" data-sheets-userformat=\"{\"2\":13249,\"3\":{\"1\":0},\"9\":0,\"10\":0,\"11\":4,\"12\":0,\"15\":\"Times New Roman\",\"16\":12}\">When lilacs bloom, it means spring is here!<\/span><\/p>\n","protected":false},"featured_media":4572,"comment_status":"open","ping_status":"closed","template":"","meta":{"_acf_changed":false,"_kad_blocks_custom_css":"","_kad_blocks_head_custom_js":"","_kad_blocks_body_custom_js":"","_kad_blocks_footer_custom_js":"","_kad_post_transparent":"","_kad_post_title":"","_kad_post_layout":"","_kad_post_sidebar_id":"","_kad_post_content_style":"","_kad_post_vertical_padding":"","_kad_post_feature":"","_kad_post_feature_position":"","_kad_post_header":false,"_kad_post_footer":false,"_kad_post_classname":""},"product_brand":[],"product_cat":[246,244,243],"product_tag":[],"class_list":{"0":"post-729","1":"product","2":"type-product","3":"status-publish","4":"has-post-thumbnail","6":"product_cat-coco-soap","7":"product_cat-handmade-soaps","8":"product_cat-soap-factory","9":"pa_collection-floral","10":"pa_format-fr-100-grams-min","12":"first","13":"instock","14":"taxable","15":"shipping-taxable","16":"purchasable","17":"product-type-simple","18":"entry","19":"content-bg","20":"loop-entry"},"acf":[],"taxonomy_info":{"product_cat":[{"value":246,"label":"Cocolive"},{"value":244,"label":"Handmade Soaps"},{"value":243,"label":"Soap Factory"}],"pa_collection":[{"value":596,"label":"Floral"}],"pa_format-fr":[{"value":222,"label":"100 grams min"}]},"featured_image_src_large":["https:\/\/savondescantons.com\/wp-content\/uploads\/cocolive-lilas-front.jpg",1000,1000,false],"author_info":[],"comment_info":9,"_links":{"self":[{"href":"https:\/\/savondescantons.com\/en\/wp-json\/wp\/v2\/product\/729","targetHints":{"allow":["GET"]}}],"collection":[{"href":"https:\/\/savondescantons.com\/en\/wp-json\/wp\/v2\/product"}],"about":[{"href":"https:\/\/savondescantons.com\/en\/wp-json\/wp\/v2\/types\/product"}],"replies":[{"embeddable":true,"href":"https:\/\/savondescantons.com\/en\/wp-json\/wp\/v2\/comments?post=729"}],"wp:featuredmedia":[{"embeddable":true,"href":"https:\/\/savondescantons.com\/en\/wp-json\/wp\/v2\/media\/4572"}],"wp:attachment":[{"href":"https:\/\/savondescantons.com\/en\/wp-json\/wp\/v2\/media?parent=729"}],"wp:term":[{"taxonomy":"product_brand","embeddable":true,"href":"https:\/\/savondescantons.com\/en\/wp-json\/wp\/v2\/product_brand?post=729"},{"taxonomy":"product_cat","embeddable":true,"href":"https:\/\/savondescantons.com\/en\/wp-json\/wp\/v2\/product_cat?post=729"},{"taxonomy":"product_tag","embeddable":true,"href":"https:\/\/savondescantons.com\/en\/wp-json\/wp\/v2\/product_tag?post=729"}],"curies":[{"name":"wp","href":"https:\/\/api.w.org\/{rel}","templated":true}]}}